{"id":4580,"date":"2022-01-21T14:45:24","date_gmt":"2022-01-21T13:45:24","guid":{"rendered":"https:\/\/territoire.emse.fr\/?page_id=4580"},"modified":"2022-01-21T16:10:54","modified_gmt":"2022-01-21T15:10:54","slug":"notre-adn","status":"publish","type":"page","link":"https:\/\/territoire.emse.fr\/?page_id=4580","title":{"rendered":"Notre ADN"},"content":{"rendered":"\t\t<div data-elementor-type=\"wp-page\" data-elementor-id=\"4580\" class=\"elementor elementor-4580\">\n\t\t\t\t\t\t<section class=\"elementor-section elementor-top-section elementor-element elementor-element-140ad36b elementor-section-boxed elementor-section-height-default elementor-section-height-default\" data-id=\"140ad36b\" data-element_type=\"section\" data-e-type=\"section\">\n\t\t\t\t\t\t<div class=\"elementor-container elementor-column-gap-default\">\n\t\t\t\t\t<div class=\"elementor-column elementor-col-100 elementor-top-column elementor-element elementor-element-103d7a33\" data-id=\"103d7a33\" data-element_type=\"column\" data-e-type=\"column\">\n\t\t\t<div class=\"elementor-widget-wrap elementor-element-populated\">\n\t\t\t\t\t\t<div class=\"elementor-element elementor-element-4183962a elementor-widget elementor-widget-text-editor\" data-id=\"4183962a\" data-element_type=\"widget\" data-e-type=\"widget\" data-widget_type=\"text-editor.default\">\n\t\t\t\t<div class=\"elementor-widget-container\">\n\t\t\t\t\t\t\t\t\t<p><b>Notre d\u00e9marche consiste \u00e0 nous adapter \u00e0 votre demande, en construisant avec vous une solution sur-mesure.<\/b><\/p><p>Une fois votre besoin identifi\u00e9, nous suivons les \u00e9tapes suivantes\u00a0:<\/p><ol><li>Constitution d\u2019un observatoire de la donn\u00e9e<ul><li>Identification des donn\u00e9es pertinentes avec nos experts th\u00e9matiques<\/li><li>Identification des propri\u00e9t\u00e9s des donn\u00e9es retenues<\/li><li>Mise au point des processus de collecte des donn\u00e9es (web, fichier (dont zip), bases de donn\u00e9es)<\/li><li>Cr\u00e9ation des bases de donn\u00e9es<\/li><li>Traitement des donn\u00e9es : filtrage, nettoyage, g\u00e9olocalisation<\/li><li>Mise \u00e0 disposition des donn\u00e9es : service et\/ou cartographie. Ainsi, il est possible de rendre accessibles des requ\u00eates sur les donn\u00e9es depuis le web (service) ou depuis l\u2019interface graphique (cartographie). Mettre des exemples\u00a0?<\/li><li>D\u00e9finition de fonctionnalit\u00e9s suppl\u00e9mentaires. Il s\u2019agit de sp\u00e9cialiser la mani\u00e8re dont les donn\u00e9es doivent \u00eatre accessibles, par exemple le besoin d\u2019une s\u00e9lection de donn\u00e9es par zone g\u00e9ographique est pertinente pour certaines applications et pas d\u2019autres. Mettre des exemples\u00a0?<\/li><\/ul><\/li><li>R\u00e9solution du probl\u00e8me<ul><li>Proposition d\u2019une solution par nos experts th\u00e9matiques<\/li><li>Mise \u00e0 jour de la structure de base de donn\u00e9es<\/li><li>D\u00e9veloppement des services \/ applications sp\u00e9cifiques (dont les services d\u2019acc\u00e8s aux nouvelles donn\u00e9es) Mettre des exemples\u00a0?<\/li><li>Adaptation si besoin de services\/applications existants<\/li><li>Conception de la solution<\/li><li>Evaluation de la solution. A cette fin, nous proposerons un plan d\u2019\u00e9valuation permettant de valider le r\u00e9sultat obtenu. Par exemple, si la solution repose sur l\u2019agr\u00e9gation de donn\u00e9es. Nous pourrons valider selon la pertinence\u00a0: la disponibilit\u00e9, le processus de collecte, le processus de recherche, \u2026 Pr\u00e9ciser\u00a0?<\/li><\/ul><\/li><li>Mise \u00e0 disposition de la solution, selon les cas\u00a0:<ul><li>Rapport r\u00e9sultat de l\u2019\u00e9tude<\/li><li>Acc\u00e8s aux services de mise \u00e0 disposition des donn\u00e9es<\/li><li>Acc\u00e8s au WEBSIG solution<\/li><li>Maintenance de la solution sur une dur\u00e9e \u00e0 d\u00e9finir<\/li><\/ul><\/li><\/ol>\t\t\t\t\t\t\t\t<\/div>\n\t\t\t\t<\/div>\n\t\t\t\t\t<\/div>\n\t\t<\/div>\n\t\t\t\t\t<\/div>\n\t\t<\/section>\n\t\t\t\t<section class=\"elementor-section elementor-top-section elementor-element elementor-element-ceb43f8 elementor-section-boxed elementor-section-height-default elementor-section-height-default\" data-id=\"ceb43f8\" data-element_type=\"section\" data-e-type=\"section\">\n\t\t\t\t\t\t<div class=\"elementor-container elementor-column-gap-default\">\n\t\t\t\t\t<div class=\"elementor-column elementor-col-100 elementor-top-column elementor-element elementor-element-69e198b\" data-id=\"69e198b\" data-element_type=\"column\" data-e-type=\"column\">\n\t\t\t<div class=\"elementor-widget-wrap elementor-element-populated\">\n\t\t\t\t\t\t<div class=\"elementor-element elementor-element-f0a850a elementor-widget elementor-widget-text-editor\" data-id=\"f0a850a\" data-element_type=\"widget\" data-e-type=\"widget\" data-widget_type=\"text-editor.default\">\n\t\t\t\t<div class=\"elementor-widget-container\">\n\t\t\t\t\t\t\t\t\t<p>Exemple de l\u2019application\u00a0<strong>GeoBuilding<\/strong>\u00a0:\u00a0<\/p>\t\t\t\t\t\t\t\t<\/div>\n\t\t\t\t<\/div>\n\t\t\t\t\t<\/div>\n\t\t<\/div>\n\t\t\t\t\t<\/div>\n\t\t<\/section>\n\t\t\t\t<section class=\"elementor-section elementor-top-section elementor-element elementor-element-dff0954 elementor-section-boxed elementor-section-height-default elementor-section-height-default\" data-id=\"dff0954\" data-element_type=\"section\" data-e-type=\"section\">\n\t\t\t\t\t\t<div class=\"elementor-container elementor-column-gap-default\">\n\t\t\t\t\t<div class=\"elementor-column elementor-col-100 elementor-top-column elementor-element elementor-element-9b72124\" data-id=\"9b72124\" data-element_type=\"column\" data-e-type=\"column\">\n\t\t\t<div class=\"elementor-widget-wrap elementor-element-populated\">\n\t\t\t\t\t\t<div class=\"elementor-element elementor-element-97a7b5a elementor-widget elementor-widget-eael-adv-tabs\" data-id=\"97a7b5a\" data-element_type=\"widget\" data-e-type=\"widget\" data-widget_type=\"eael-adv-tabs.default\">\n\t\t\t\t<div class=\"elementor-widget-container\">\n\t\t\t\t\t        <div data-scroll-on-click=\"no\" data-scroll-speed=\"300\" id=\"eael-advance-tabs-97a7b5a\" class=\"eael-advance-tabs eael-tabs-horizontal eael-tab-auto-active \" data-tabid=\"97a7b5a\">\n            <div class=\"eael-tabs-nav \">\n                <ul class=\"eael-tab-inline-icon\" role=\"tablist\">\n                                            <li id=\"quelle-stratgie-de-rnovation-nergtique-sur-un-territoire-cibl-\" class=\"inactive eael-tab-item-trigger eael-tab-nav-item\" aria-selected=\"true\" data-tab=\"1\" role=\"tab\" tabindex=\"0\" aria-controls=\"quelle-stratgie-de-rnovation-nergtique-sur-un-territoire-cibl--tab\" aria-expanded=\"false\">\n                            \n                                                                <i class=\"fas fa-home\"><\/i>                                                            \n                                                            <span class=\"eael-tab-title title-after-icon\" >Quelle strat\u00e9gie de r\u00e9novation \u00e9nerg\u00e9tique sur un territoire cibl\u00e9 ?<\/span>                            \n                                                    <\/li>\n                    \n                                  <\/ul>\n            <\/div>\n            \n            <div class=\"eael-tabs-content\">\n\t\t        \n                    <div id=\"quelle-stratgie-de-rnovation-nergtique-sur-un-territoire-cibl--tab\" class=\"clearfix eael-tab-content-item inactive\" data-title-link=\"quelle-stratgie-de-rnovation-nergtique-sur-un-territoire-cibl--tab\">\n\t\t\t\t        <style>.elementor-4598 .elementor-element.elementor-element-6111e7b .eael-data-table{max-width:100%;}.elementor-4598 .elementor-element.elementor-element-6111e7b .eael-data-table thead tr th{color:#fff;background-color:#4a4893;}.elementor-4598 .elementor-element.elementor-element-6111e7b table.dataTable thead .sorting:after{color:#fff;}.elementor-4598 .elementor-element.elementor-element-6111e7b table.dataTable thead .sorting_asc:after{color:#fff;}.elementor-4598 .elementor-element.elementor-element-6111e7b table.dataTable thead .sorting_desc:after{color:#fff;}.elementor-4598 .elementor-element.elementor-element-6111e7b .eael-data-table thead tr th:hover{color:#fff;}.elementor-4598 .elementor-element.elementor-element-6111e7b table.dataTable thead .sorting:after:hover{color:#fff;}.elementor-4598 .elementor-element.elementor-element-6111e7b table.dataTable thead .sorting_asc:after:hover{color:#fff;}.elementor-4598 .elementor-element.elementor-element-6111e7b table.dataTable thead .sorting_desc:after:hover{color:#fff;}.elementor-4598 .elementor-element.elementor-element-6111e7b .eael-data-table thead tr th i{font-size:20px;}.elementor-4598 .elementor-element.elementor-element-6111e7b .eael-data-table thead tr th .data-table-header-svg-icon{height:20px;width:20px;}.elementor-4598 .elementor-element.elementor-element-6111e7b .eael-data-table tbody > tr:nth-child(2n) td{color:#000000;background:#f2f2f2;}.elementor-4598 .elementor-element.elementor-element-6111e7b .eael-data-table tbody > tr:nth-child(2n+1) td{color:#000000;}.elementor-4598 .elementor-element.elementor-element-6111e7b .eael-data-table tbody > tr:nth-child(2n+1) td:hover{color:#6d7882;}.elementor-4598 .elementor-element.elementor-element-6111e7b .eael-data-table-wrap table td a{color:#c15959;}.elementor-4598 .elementor-element.elementor-element-6111e7b .eael-data-table-wrap table td a:hover{color:#6d7882;}.elementor-4598 .elementor-element.elementor-element-6111e7b .eael-data-table tbody .td-content-wrapper{text-align:left;}.elementor-4598 .elementor-element.elementor-element-6111e7b .eael-data-table tbody .td-content-wrapper .eael-datatable-icon i{font-size:20px;color:#c15959;}.elementor-4598 .elementor-element.elementor-element-6111e7b .eael-data-table tbody .td-content-wrapper .eael-datatable-icon svg{height:20px;width:20px;fill:#c15959;}.elementor-4598 .elementor-element.elementor-element-6111e7b .eael-data-table tbody .td-content-wrapper:hover .eael-datatable-icon i{color:#6d7882;}.elementor-4598 .elementor-element.elementor-element-6111e7b .eael-data-table tbody .td-content-wrapper:hover .eael-datatable-icon svg{fill:#6d7882;}<\/style>\t\t<div data-elementor-type=\"section\" data-elementor-id=\"4598\" class=\"elementor elementor-4598\">\n\t\t\t\t\t\t<section class=\"elementor-section elementor-top-section elementor-element elementor-element-8938917 elementor-section-boxed elementor-section-height-default elementor-section-height-default\" data-id=\"8938917\" data-element_type=\"section\" data-e-type=\"section\">\n\t\t\t\t\t\t<div class=\"elementor-container elementor-column-gap-default\">\n\t\t\t\t\t<div class=\"elementor-column elementor-col-100 elementor-top-column elementor-element elementor-element-36f53be\" data-id=\"36f53be\" data-element_type=\"column\" data-e-type=\"column\">\n\t\t\t<div class=\"elementor-widget-wrap elementor-element-populated\">\n\t\t\t\t\t\t<div class=\"elementor-element elementor-element-6111e7b eael-table-align-center eael-dt-th-align-left elementor-widget elementor-widget-eael-data-table\" data-id=\"6111e7b\" data-element_type=\"widget\" data-e-type=\"widget\" data-widget_type=\"eael-data-table.default\">\n\t\t\t\t<div class=\"elementor-widget-container\">\n\t\t\t\t\t\t\t<div class=\"eael-data-table-wrap\" data-table_id=\"6111e7b\" id=\"eael-data-table-wrapper-6111e7b\" data-custom_responsive=\"false\">\n\t\t\t<table class=\"tablesorter eael-data-table center\" id=\"eael-data-table-6111e7b\">\n\t\t\t    <thead>\n\t\t\t        <tr class=\"table-header\">\n\t\t\t\t\t\t\t\t\t            <th class=\"\" id=\"\" colspan=\"2\">\n\t\t\t\t\t\t\t\t\t\t\t\t\t\t<span class=\"data-table-header-text\">GeoBuilding Header<\/span><\/th>\n\t\t\t        \t\t\t\t        <\/tr>\n\t\t\t    <\/thead>\n\t\t\t  \t<tbody>\n\t\t\t\t\t\t\t\t\t\t\t<tr>\n\t\t\t\t\t\t\t\t\t\t\t\t\t\t\t\t   \t\t\t\t\t\t\t\t\t\t\t<td colspan=\"\" rowspan=\"\" class=\"\" id=\"\">\n\t\t\t\t\t\t\t\t\t\t\t\t<div class=\"td-content-wrapper\"><div class=\"td-content\">\n\t\t\t\t\t\t\t\t\t\t\t\t\t1.\tConstitution d\u2019un observatoire de la donn\u00e9e\t\t\t\t\t\t\t\t\t\t\t\t<\/div><\/div>\n\t\t\t\t\t\t\t\t\t\t\t<\/td>\n\t\t\t\t\t\t\t\t\t\t\t\t\t\t\t\t\t\t\t\t\t\t\t\t\t\t\t\t\t   \t\t\t\t\t\t\t\t\t\t\t<td colspan=\"\" rowspan=\"\" class=\"\" id=\"\">\n\t\t\t\t\t\t\t\t\t\t\t\t<div class=\"td-content-wrapper\"><div class=\"td-content\">\n\t\t\t\t\t\t\t\t\t\t\t\t\t\t\t\t\t\t\t\t\t\t\t\t\t<\/div><\/div>\n\t\t\t\t\t\t\t\t\t\t\t<\/td>\n\t\t\t\t\t\t\t\t\t\t\t\t\t\t\t\t\t\t\t\t\t\t\t\t\t\t<\/tr>\n\t\t\t        \t\t\t\t\t\t<tr>\n\t\t\t\t\t\t\t\t\t\t\t\t\t\t\t\t   \t\t\t\t\t\t\t\t\t\t\t<td colspan=\"\" rowspan=\"\" class=\"\" id=\"\">\n\t\t\t\t\t\t\t\t\t\t\t\t<div class=\"td-content-wrapper\"><div class=\"td-content\">\n\t\t\t\t\t\t\t\t\t\t\t\t\t\u00b7\tIdentification des donn\u00e9es pertinentes avec nos experts th\u00e9matiques<br>\n\u00b7\tIdentification des propri\u00e9t\u00e9s des donn\u00e9es retenues<br>\n\u00b7\tMise au point des processus de collecte des donn\u00e9es (web, fichier (dont zip), bases de donn\u00e9es)\n<br>\u00b7\tCr\u00e9ation des bases de donn\u00e9es\n<br>\u00b7\tTraitement des donn\u00e9es : filtrage, nettoyage, g\u00e9olocalisation<br>\n\u00b7\tMise \u00e0 disposition des donn\u00e9es : service et\/ou cartographie<br>\n\u00b7\tD\u00e9finition de fonctionnalit\u00e9s suppl\u00e9mentaires\n\t\t\t\t\t\t\t\t\t\t\t\t<\/div><\/div>\n\t\t\t\t\t\t\t\t\t\t\t<\/td>\n\t\t\t\t\t\t\t\t\t\t\t\t\t\t\t\t\t\t\t\t\t\t\t\t\t\t\t\t\t   \t\t\t\t\t\t\t\t\t\t\t<td colspan=\"\" rowspan=\"\" class=\"\" id=\"\">\n\t\t\t\t\t\t\t\t\t\t\t\t<div class=\"td-content-wrapper\"><div class=\"td-content\">\n\t\t\t\t\t\t\t\t\t\t\t\t\tEtat \u00e9nerg\u00e9tique du b\u00e2timent\nRevenu\/logement\n\t\t\t\t\t\t\t\t\t\t\t\t<\/div><\/div>\n\t\t\t\t\t\t\t\t\t\t\t<\/td>\n\t\t\t\t\t\t\t\t\t\t\t\t\t\t\t\t\t\t\t\t\t\t\t\t\t\t<\/tr>\n\t\t\t        \t\t\t\t\t\t<tr>\n\t\t\t\t\t\t\t\t\t\t\t\t\t\t\t\t   \t\t\t\t\t\t\t\t\t\t\t<td colspan=\"\" rowspan=\"\" class=\"\" id=\"\">\n\t\t\t\t\t\t\t\t\t\t\t\t<div class=\"td-content-wrapper\"><div class=\"td-content\">\n\t\t\t\t\t\t\t\t\t\t\t\t\t2.\tR\u00e9solution du probl\u00e8me\t\t\t\t\t\t\t\t\t\t\t\t<\/div><\/div>\n\t\t\t\t\t\t\t\t\t\t\t<\/td>\n\t\t\t\t\t\t\t\t\t\t\t\t\t\t\t\t\t\t\t\t\t\t\t\t\t\t<\/tr>\n\t\t\t        \t\t\t\t\t\t<tr>\n\t\t\t\t\t\t\t\t\t\t\t\t\t\t\t\t   \t\t\t\t\t\t\t\t\t\t\t<td colspan=\"\" rowspan=\"\" class=\"\" id=\"\">\n\t\t\t\t\t\t\t\t\t\t\t\t<div class=\"td-content-wrapper\"><div class=\"td-content\">\n\t\t\t\t\t\t\t\t\t\t\t\t\t\u00b7\tProposition d\u2019une solution par nos experts th\u00e9matiques<br>\n\u00b7\tMise \u00e0 jour de la structure de base de donn\u00e9es<br>\n\u00b7\tD\u00e9veloppement des services \/ applications sp\u00e9cifiques (dont les services d\u2019acc\u00e8s aux nouvelles donn\u00e9es)<br>\n\u00b7\tAdaptation si besoin de services\/applications existants<br>\n\u00b7\tConception de la solution<br>\n\u00b7\tEvaluation de la solution\n\t\t\t\t\t\t\t\t\t\t\t\t<\/div><\/div>\n\t\t\t\t\t\t\t\t\t\t\t<\/td>\n\t\t\t\t\t\t\t\t\t\t\t\t\t\t\t\t\t\t\t\t\t\t\t\t\t\t\t\t\t   \t\t\t\t\t\t\t\t\t\t\t<td colspan=\"\" rowspan=\"\" class=\"\" id=\"\">\n\t\t\t\t\t\t\t\t\t\t\t\t<div class=\"td-content-wrapper\"><div class=\"td-content\">\n\t\t\t\t\t\t\t\t\t\t\t\t\t<br><br><br>Appariement : permet de faire le lien entre \u2026 et \u2026\nEt\/ou inf\u00e9rence, clusterisation, nettoyage de graphe, \u2026\n \n\t\t\t\t\t\t\t\t\t\t\t\t<\/div><\/div>\n\t\t\t\t\t\t\t\t\t\t\t<\/td>\n\t\t\t\t\t\t\t\t\t\t\t\t\t\t\t\t\t\t\t\t\t\t\t\t\t\t<\/tr>\n\t\t\t        \t\t\t\t\t\t<tr>\n\t\t\t\t\t\t\t\t\t\t\t\t\t\t\t\t   \t\t\t\t\t\t\t\t\t\t\t<td colspan=\"\" rowspan=\"\" class=\"\" id=\"\">\n\t\t\t\t\t\t\t\t\t\t\t\t<div class=\"td-content-wrapper\"><div class=\"td-content\">\n\t\t\t\t\t\t\t\t\t\t\t\t\t3.\tMise \u00e0 disposition de la solution, selon les cas :\t\t\t\t\t\t\t\t\t\t\t\t<\/div><\/div>\n\t\t\t\t\t\t\t\t\t\t\t<\/td>\n\t\t\t\t\t\t\t\t\t\t\t\t\t\t\t\t\t\t\t\t\t\t\t\t\t\t\t\t\t   \t\t\t\t\t\t\t\t\t\t\t<td colspan=\"\" rowspan=\"\" class=\"\" id=\"\">\n\t\t\t\t\t\t\t\t\t\t\t\t<div class=\"td-content-wrapper\"><div class=\"td-content\">\n\t\t\t\t\t\t\t\t\t\t\t\t\tIdentification du potentiel de r\u00e9novation \u00e9nerg\u00e9tique sur la zone cible\t\t\t\t\t\t\t\t\t\t\t\t<\/div><\/div>\n\t\t\t\t\t\t\t\t\t\t\t<\/td>\n\t\t\t\t\t\t\t\t\t\t\t\t\t\t\t\t\t\t\t\t\t\t\t\t\t\t<\/tr>\n\t\t\t        \t\t\t\t\t\t<tr>\n\t\t\t\t\t\t\t\t\t\t\t\t\t\t\t\t   \t\t\t\t\t\t\t\t\t\t\t<td colspan=\"\" rowspan=\"\" class=\"\" id=\"\">\n\t\t\t\t\t\t\t\t\t\t\t\t<div class=\"td-content-wrapper\"><div class=\"td-content\">\n\t\t\t\t\t\t\t\t\t\t\t\t\t\u00b7\tRapport r\u00e9sultat de l\u2019\u00e9tude<br>\n\u00b7\tAcc\u00e8s aux services de mise \u00e0 disposition des donn\u00e9es<br>\n\u00b7\tAcc\u00e8s au WEBSIG solution<br>\n\u00b7\tMaintenance de la solution (sur une dur\u00e9e \u00e0 d\u00e9finir)\n\t\t\t\t\t\t\t\t\t\t\t\t<\/div><\/div>\n\t\t\t\t\t\t\t\t\t\t\t<\/td>\n\t\t\t\t\t\t\t\t\t\t\t\t\t\t\t\t\t\t\t\t\t\t\t\t\t\t<\/tr>\n\t\t\t        \t\t\t    <\/tbody>\n\t\t\t<\/table>\n\t\t<\/div>\n\t  \t\t\t\t\t<\/div>\n\t\t\t\t<\/div>\n\t\t\t\t\t<\/div>\n\t\t<\/div>\n\t\t\t\t\t<\/div>\n\t\t<\/section>\n\t\t\t\t<\/div>\n\t\t                    <\/div>\n\t\t                    <\/div>\n        <\/div>\n\t\t\t\t<\/div>\n\t\t\t\t<\/div>\n\t\t\t\t\t<\/div>\n\t\t<\/div>\n\t\t\t\t\t<\/div>\n\t\t<\/section>\n\t\t\t\t<\/div>\n\t\t","protected":false},"excerpt":{"rendered":"<p>Notre d\u00e9marche consiste \u00e0 nous adapter \u00e0 votre demande, en construisant avec vous une solution sur-mesure. Une fois votre besoin identifi\u00e9, nous suivons les \u00e9tapes suivantes\u00a0: Constitution d\u2019un observatoire de la donn\u00e9e Identification des donn\u00e9es pertinentes avec nos experts th\u00e9matiques Identification des propri\u00e9t\u00e9s des donn\u00e9es retenues Mise au point des processus de collecte des donn\u00e9es (web, fichier (dont zip), bases de donn\u00e9es) Cr\u00e9ation des bases de donn\u00e9es Traitement des donn\u00e9es : filtrage, nettoyage, g\u00e9olocalisation Mise \u00e0 disposition des donn\u00e9es :&hellip;<\/p>\n","protected":false},"author":1,"featured_media":0,"parent":0,"menu_order":0,"comment_status":"closed","ping_status":"closed","template":"","meta":{"footnotes":""},"class_list":["post-4580","page","type-page","status-publish","hentry"],"_links":{"self":[{"href":"https:\/\/territoire.emse.fr\/index.php?rest_route=\/wp\/v2\/pages\/4580","targetHints":{"allow":["GET"]}}],"collection":[{"href":"https:\/\/territoire.emse.fr\/index.php?rest_route=\/wp\/v2\/pages"}],"about":[{"href":"https:\/\/territoire.emse.fr\/index.php?rest_route=\/wp\/v2\/types\/page"}],"author":[{"embeddable":true,"href":"https:\/\/territoire.emse.fr\/index.php?rest_route=\/wp\/v2\/users\/1"}],"replies":[{"embeddable":true,"href":"https:\/\/territoire.emse.fr\/index.php?rest_route=%2Fwp%2Fv2%2Fcomments&post=4580"}],"version-history":[{"count":20,"href":"https:\/\/territoire.emse.fr\/index.php?rest_route=\/wp\/v2\/pages\/4580\/revisions"}],"predecessor-version":[{"id":4613,"href":"https:\/\/territoire.emse.fr\/index.php?rest_route=\/wp\/v2\/pages\/4580\/revisions\/4613"}],"wp:attachment":[{"href":"https:\/\/territoire.emse.fr\/index.php?rest_route=%2Fwp%2Fv2%2Fmedia&parent=4580"}],"curies":[{"name":"wp","href":"https:\/\/api.w.org\/{rel}","templated":true}]}}